{"id":810,"date":"2020-01-16T21:46:09","date_gmt":"2020-01-16T20:46:09","guid":{"rendered":"https:\/\/szecsenyi.com\/?page_id=810"},"modified":"2025-08-28T16:29:30","modified_gmt":"2025-08-28T14:29:30","slug":"kapcsolat","status":"publish","type":"page","link":"https:\/\/szecsenyi.com\/hu\/kapcsolat\/","title":{"rendered":"L\u00e9pjen kapcsolatba vel\u00fcnk!"},"content":{"rendered":"<h3>Sz\u00e9cs\u00e9nyi \u00e9s T\u00e1rsai \u00dcgyv\u00e9di T\u00e1rsul\u00e1s<\/h3>\n","protected":false},"excerpt":{"rendered":"<p>Sz\u00e9cs\u00e9nyi \u00e9s T\u00e1rsai \u00dcgyv\u00e9di T\u00e1rsul\u00e1s&#8230; <\/p>\n<p><a class=\"btn btn-sm grey_bg\" href=\"https:\/\/szecsenyi.com\/hu\/kapcsolat\/\">Tov\u00e1bb <span class=\"fa fa-arrow-right\"><\/span><\/a><\/p>\n","protected":false},"author":1,"featured_media":0,"parent":0,"menu_order":0,"comment_status":"closed","ping_status":"closed","template":"page-templates\/page-contact.php","meta":{"_acf_changed":false,"footnotes":"","_links_to":"","_links_to_target":""},"class_list":["post-810","page","type-page","status-publish","hentry"],"acf":[],"_links":{"self":[{"href":"https:\/\/szecsenyi.com\/hu\/wp-json\/wp\/v2\/pages\/810","targetHints":{"allow":["GET"]}}],"collection":[{"href":"https:\/\/szecsenyi.com\/hu\/wp-json\/wp\/v2\/pages"}],"about":[{"href":"https:\/\/szecsenyi.com\/hu\/wp-json\/wp\/v2\/types\/page"}],"author":[{"embeddable":true,"href":"https:\/\/szecsenyi.com\/hu\/wp-json\/wp\/v2\/users\/1"}],"replies":[{"embeddable":true,"href":"https:\/\/szecsenyi.com\/hu\/wp-json\/wp\/v2\/comments?post=810"}],"version-history":[{"count":16,"href":"https:\/\/szecsenyi.com\/hu\/wp-json\/wp\/v2\/pages\/810\/revisions"}],"predecessor-version":[{"id":1636,"href":"https:\/\/szecsenyi.com\/hu\/wp-json\/wp\/v2\/pages\/810\/revisions\/1636"}],"wp:attachment":[{"href":"https:\/\/szecsenyi.com\/hu\/wp-json\/wp\/v2\/media?parent=810"}],"curies":[{"name":"wp","href":"https:\/\/api.w.org\/{rel}","templated":true}]}}