{"id":1601,"date":"2024-07-03T11:08:58","date_gmt":"2024-07-03T09:08:58","guid":{"rendered":"https:\/\/szecsenyi.com\/masolatkeszitesi-szabalyzat\/"},"modified":"2025-01-13T14:36:31","modified_gmt":"2025-01-13T13:36:31","slug":"masolatkeszitesi-szabalyzat","status":"publish","type":"page","link":"https:\/\/szecsenyi.com\/hu\/masolatkeszitesi-szabalyzat\/","title":{"rendered":"M\u00e1solatk\u00e9sz\u00edt\u00e9si szab\u00e1lyzat"},"content":{"rendered":"<a href=\"https:\/\/szecsenyi.com\/wp-content\/uploads\/2025\/01\/Masolatkeszitesi-Szabalyzat-20250113_Alairt.pdf\" class=\"pdfemb-viewer\" style=\"\" data-width=\"max\" data-height=\"max\" data-mobile-width=\"500\"  data-scrollbar=\"none\" data-download=\"on\" data-tracking=\"on\" data-newwindow=\"on\" data-pagetextbox=\"off\" data-scrolltotop=\"off\" data-startzoom=\"100\" data-startfpzoom=\"100\" data-toolbar=\"bottom\" data-toolbar-fixed=\"off\">M\u00e1solatk\u00e9sz\u00edt\u00e9si Szab\u00e1lyzat 20250113_Alairt<br\/><\/a>\n","protected":false},"excerpt":{"rendered":"<p>&#8230; <\/p>\n<p><a class=\"btn btn-sm grey_bg\" href=\"https:\/\/szecsenyi.com\/hu\/masolatkeszitesi-szabalyzat\/\">Tov\u00e1bb <span class=\"fa fa-arrow-right\"><\/span><\/a><\/p>\n","protected":false},"author":3,"featured_media":0,"parent":0,"menu_order":0,"comment_status":"closed","ping_status":"closed","template":"","meta":{"_acf_changed":false,"footnotes":"","_links_to":"","_links_to_target":""},"class_list":["post-1601","page","type-page","status-publish","hentry"],"acf":[],"_links":{"self":[{"href":"https:\/\/szecsenyi.com\/hu\/wp-json\/wp\/v2\/pages\/1601","targetHints":{"allow":["GET"]}}],"collection":[{"href":"https:\/\/szecsenyi.com\/hu\/wp-json\/wp\/v2\/pages"}],"about":[{"href":"https:\/\/szecsenyi.com\/hu\/wp-json\/wp\/v2\/types\/page"}],"author":[{"embeddable":true,"href":"https:\/\/szecsenyi.com\/hu\/wp-json\/wp\/v2\/users\/3"}],"replies":[{"embeddable":true,"href":"https:\/\/szecsenyi.com\/hu\/wp-json\/wp\/v2\/comments?post=1601"}],"version-history":[{"count":3,"href":"https:\/\/szecsenyi.com\/hu\/wp-json\/wp\/v2\/pages\/1601\/revisions"}],"predecessor-version":[{"id":1630,"href":"https:\/\/szecsenyi.com\/hu\/wp-json\/wp\/v2\/pages\/1601\/revisions\/1630"}],"wp:attachment":[{"href":"https:\/\/szecsenyi.com\/hu\/wp-json\/wp\/v2\/media?parent=1601"}],"curies":[{"name":"wp","href":"https:\/\/api.w.org\/{rel}","templated":true}]}}