{"id":1517,"date":"2024-03-28T11:02:13","date_gmt":"2024-03-28T10:02:13","guid":{"rendered":"https:\/\/szecsenyi.com\/?page_id=1517"},"modified":"2024-03-28T11:02:13","modified_gmt":"2024-03-28T10:02:13","slug":"cookie-szabalyzat","status":"publish","type":"page","link":"https:\/\/szecsenyi.com\/hu\/cookie-szabalyzat\/","title":{"rendered":"Cookie szab\u00e1lyzat"},"content":{"rendered":"<h1>Cookie szab\u00e1lyzat<br \/>\nA www.szecsenyi.com s\u00fctikre vonatkoz\u00f3 szab\u00e1lyzata<\/h1>\n<p>Ez a dokumentum t\u00e1j\u00e9koztatja a Felhaszn\u00e1l\u00f3kat azokr\u00f3l a technol\u00f3gi\u00e1kr\u00f3l, amelyek seg\u00edtik a Webhelyet az al\u00e1bb le\u00edrt c\u00e9lok el\u00e9r\u00e9s\u00e9ben. Ezek a technol\u00f3gi\u00e1k lehet\u0151v\u00e9 teszik a Tulajdonos sz\u00e1m\u00e1ra, hogy hozz\u00e1f\u00e9rjen \u00e9s t\u00e1roljon inform\u00e1ci\u00f3kat (p\u00e9ld\u00e1ul egy cookie seg\u00edts\u00e9g\u00e9vel) vagy er\u0151forr\u00e1sokat haszn\u00e1ljon (p\u00e9ld\u00e1ul egy szkript futtat\u00e1s\u00e1val) a Felhaszn\u00e1l\u00f3 eszk\u00f6z\u00e9n, mik\u00f6zben a Felhaszn\u00e1l\u00f3 kapcsolatba l\u00e9p ezzel a Weboldallal.<\/p>\n<p>Az egyszer\u0171s\u00e9g kedv\u00e9\u00e9rt a jelen dokumentumban minden ilyen technol\u00f3gi\u00e1t &#8222;nyomk\u00f6vet\u0151k\u00e9nt&#8221; defini\u00e1lunk &#8211; kiv\u00e9ve, ha indokolt a megk\u00fcl\u00f6nb\u00f6ztet\u00e9s.<br \/>\nP\u00e9ld\u00e1ul, b\u00e1r a S\u00fctik webes \u00e9s mobil b\u00f6ng\u00e9sz\u0151kben egyar\u00e1nt haszn\u00e1lhat\u00f3k, pontatlan lenne a S\u00fctikr\u0151l besz\u00e9lni a mobilalkalmaz\u00e1sokkal \u00f6sszef\u00fcgg\u00e9sben, mivel azok b\u00f6ng\u00e9sz\u0151alap\u00fa nyomk\u00f6vet\u0151nek min\u0151s\u00fclnek. Ez\u00e9rt ebben a dokumentumban a Cookie-k kifejez\u00e9st csak akkor haszn\u00e1ljuk, ha kifejezetten az adott t\u00edpus\u00fa nyomk\u00f6vet\u0151re utal.<\/p>\n<p>A Nyomonk\u00f6vet\u0151k haszn\u00e1lat\u00e1nak egyes c\u00e9ljaihoz a Felhaszn\u00e1l\u00f3 hozz\u00e1j\u00e1rul\u00e1sa is sz\u00fcks\u00e9ges lehet. A hozz\u00e1j\u00e1rul\u00e1s megad\u00e1sa eset\u00e9n a hozz\u00e1j\u00e1rul\u00e1s b\u00e1rmikor szabadon visszavonhat\u00f3 a jelen dokumentumban megadott utas\u00edt\u00e1sok szerint.<\/p>\n<p>Ez a Weboldal k\u00f6zvetlen\u00fcl a Tulajdonos \u00e1ltal kezelt Nyomonk\u00f6vet\u0151ket (\u00fan. &#8222;els\u0151 f\u00e9l&#8221; Nyomonk\u00f6vet\u0151k) \u00e9s olyan Nyomonk\u00f6vet\u0151ket haszn\u00e1l, amelyek harmadik f\u00e9l \u00e1ltal ny\u00fajtott szolg\u00e1ltat\u00e1sokat tesznek lehet\u0151v\u00e9 (\u00fan. &#8222;harmadik f\u00e9l&#8221; Nyomonk\u00f6vet\u0151k). Hacsak a jelen dokumentum m\u00e1sk\u00e9nt nem rendelkezik, a harmadik f\u00e9l szolg\u00e1ltat\u00f3k hozz\u00e1f\u00e9rhetnek az \u00e1ltaluk kezelt Trackerekhez.<br \/>\nA Cookie-k \u00e9s m\u00e1s hasonl\u00f3 Trackerek \u00e9rv\u00e9nyess\u00e9gi \u00e9s lej\u00e1rati ideje a Tulajdonos vagy az adott szolg\u00e1ltat\u00f3 \u00e1ltal meghat\u00e1rozott \u00e9lettartam f\u00fcggv\u00e9ny\u00e9ben v\u00e1ltozhat. N\u00e9melyik\u00fck a Felhaszn\u00e1l\u00f3 b\u00f6ng\u00e9sz\u00e9si munkamenet\u00e9nek befejez\u00e9sekor j\u00e1r le.<br \/>\nAz al\u00e1bbi kateg\u00f3ri\u00e1k le\u00edr\u00e1saiban foglaltakon k\u00edv\u00fcl a Felhaszn\u00e1l\u00f3k az \u00e9lettartam meghat\u00e1roz\u00e1s\u00e1ra vonatkoz\u00f3 pontosabb \u00e9s naprak\u00e9sz inform\u00e1ci\u00f3kat, valamint minden egy\u00e9b relev\u00e1ns inform\u00e1ci\u00f3t &#8211; p\u00e9ld\u00e1ul m\u00e1s nyomk\u00f6vet\u0151k jelenl\u00e9t\u00e9r\u0151l &#8211; az \u00e9rintett harmadik f\u00e9l szolg\u00e1ltat\u00f3k kapcsol\u00f3d\u00f3 adatv\u00e9delmi szab\u00e1lyzat\u00e1ban vagy a Tulajdonoshoz val\u00f3 fordul\u00e1ssal tal\u00e1lhatnak.<\/p>\n<p>A kaliforniai fogyaszt\u00f3kra \u00e9s adatv\u00e9delmi jogaikra vonatkoz\u00f3 tov\u00e1bbi inform\u00e1ci\u00f3k\u00e9rt a Felhaszn\u00e1l\u00f3k elolvashatj\u00e1k az adatv\u00e9delmi szab\u00e1lyzatot.<\/p>\n<h2>A Weboldal m\u0171k\u00f6d\u00e9s\u00e9hez \u00e9s a Szolg\u00e1ltat\u00e1s ny\u00fajt\u00e1s\u00e1hoz szigor\u00faan sz\u00fcks\u00e9ges tev\u00e9kenys\u00e9gek<\/h2>\n<p>Ez a Weboldal \u00fagynevezett &#8222;technikai&#8221; s\u00fctiket \u00e9s m\u00e1s hasonl\u00f3 nyomk\u00f6vet\u0151ket haszn\u00e1l a Szolg\u00e1ltat\u00e1s m\u0171k\u00f6d\u00e9s\u00e9hez vagy ny\u00fajt\u00e1s\u00e1hoz felt\u00e9tlen\u00fcl sz\u00fcks\u00e9ges tev\u00e9kenys\u00e9gek elv\u00e9gz\u00e9s\u00e9hez.<\/p>\n<p>Harmadik f\u00e9lt\u0151l sz\u00e1rmaz\u00f3 nyomk\u00f6vet\u0151k<\/p>\n<p>SPAM-v\u00e9delem<br \/>\nEz a fajta szolg\u00e1ltat\u00e1s elemzi a Weboldal forgalm\u00e1t, amely potenci\u00e1lisan tartalmazza a Felhaszn\u00e1l\u00f3k szem\u00e9lyes adatait, azzal a c\u00e9llal, hogy kisz\u0171rje a forgalom azon r\u00e9szeit, \u00fczeneteket \u00e9s tartalmakat, amelyek SPAM-nek min\u0151s\u00fclnek.<\/p>\n<p>Google reCAPTCHA (Google Ireland Limited)<\/p>\n<p>A Google reCAPTCHA a Google Ireland Limited \u00e1ltal ny\u00fajtott SPAM-v\u00e9delmi szolg\u00e1ltat\u00e1s.<br \/>\nA reCAPTCHA haszn\u00e1lat\u00e1ra a Google adatv\u00e9delmi ir\u00e1nyelvei \u00e9s felhaszn\u00e1l\u00e1si felt\u00e9telei vonatkoznak.<\/p>\n<p>Feldolgozott szem\u00e9lyes adatok: k\u00e9rd\u00e9sekre adott v\u00e1laszok, kattint\u00e1sok, billenty\u0171le\u00fct\u00e9si esem\u00e9nyek, mozg\u00e1s\u00e9rz\u00e9kel\u0151s esem\u00e9nyek, eg\u00e9rmozg\u00e1sok, g\u00f6rget\u00e9si poz\u00edci\u00f3, \u00e9rint\u00e9si esem\u00e9nyek, nyomk\u00f6vet\u0151k \u00e9s haszn\u00e1lati adatok.<\/p>\n<p>A feldolgoz\u00e1s helye: \u00cdrorsz\u00e1g &#8211; Adatv\u00e9delmi szab\u00e1lyzat.<\/p>\n<p>A t\u00e1rol\u00e1s id\u0151tartama:<\/p>\n<p>_GRECAPTCHA: a munkamenet id\u0151tartama.<br \/>\nrc::a: hat\u00e1rozatlan id\u0151<br \/>\nrc::b: a munkamenet id\u0151tartama<br \/>\nrc::c: a munkamenet id\u0151tartama<br \/>\nEgy\u00e9b, a nyomk\u00f6vet\u0151k haszn\u00e1lat\u00e1val j\u00e1r\u00f3 tev\u00e9kenys\u00e9gek<\/p>\n<p>Tapasztalatok b\u0151v\u00edt\u00e9se<\/p>\n<p>Ez a Webhely a Trackert a szem\u00e9lyre szabott felhaszn\u00e1l\u00f3i \u00e9lm\u00e9ny biztos\u00edt\u00e1sa \u00e9rdek\u00e9ben haszn\u00e1lja, a preferenciakezel\u00e9si lehet\u0151s\u00e9gek min\u0151s\u00e9g\u00e9nek jav\u00edt\u00e1s\u00e1val, valamint a k\u00fcls\u0151 h\u00e1l\u00f3zatokkal \u00e9s platformokkal val\u00f3 interakci\u00f3 lehet\u0151v\u00e9 t\u00e9tel\u00e9vel.<\/p>\n<p>K\u00fcls\u0151 platformok tartalm\u00e1nak megjelen\u00edt\u00e9se<br \/>\nEz a fajta szolg\u00e1ltat\u00e1s lehet\u0151v\u00e9 teszi, hogy a Weboldal oldalain k\u00f6zvetlen\u00fcl k\u00fcls\u0151 platformokon elhelyezett tartalmakat tekinthessen meg, \u00e9s interakci\u00f3ba l\u00e9phessen vel\u00fck.<br \/>\nAz ilyen t\u00edpus\u00fa szolg\u00e1ltat\u00e1s akkor is gy\u0171jthet webes forgalmi adatokat azokr\u00f3l az oldalakr\u00f3l, ahol a szolg\u00e1ltat\u00e1s telep\u00edtve van, ha a Felhaszn\u00e1l\u00f3k nem haszn\u00e1lj\u00e1k azt.<\/p>\n<p>Font Awesome (Fonticons, Inc. )<\/p>\n<p>A Font Awesome a Fonticons, Inc. \u00e1ltal ny\u00fajtott bet\u0171t\u00edpus-\u00e1br\u00e1zol\u00e1si szolg\u00e1ltat\u00e1s, amely lehet\u0151v\u00e9 teszi, hogy ez a Weboldal ilyen jelleg\u0171 tartalmat \u00e9p\u00edtsen be az oldalaira.<\/p>\n<p>Feldolgozott szem\u00e9lyes adatok: Nyomk\u00f6vet\u0151k \u00e9s haszn\u00e1lati adatok.<\/p>\n<p>A feldolgoz\u00e1s helye: Egyes\u00fclt \u00c1llamok &#8211; Adatv\u00e9delmi szab\u00e1lyzat.<\/p>\n<p>M\u00e9r\u00e9s<\/p>\n<p>Ez a Weboldal a forgalom m\u00e9r\u00e9s\u00e9re \u00e9s a Felhaszn\u00e1l\u00f3i viselked\u00e9s elemz\u00e9s\u00e9re haszn\u00e1l nyomk\u00f6vet\u0151ket a Szolg\u00e1ltat\u00e1s jav\u00edt\u00e1sa c\u00e9lj\u00e1b\u00f3l.<\/p>\n<p>Analitika<br \/>\nAz ebben a szakaszban szerepl\u0151 szolg\u00e1ltat\u00e1sok lehet\u0151v\u00e9 teszik a Tulajdonos sz\u00e1m\u00e1ra a webes forgalom nyomon k\u00f6vet\u00e9s\u00e9t \u00e9s elemz\u00e9s\u00e9t, \u00e9s felhaszn\u00e1lhat\u00f3k a Felhaszn\u00e1l\u00f3k viselked\u00e9s\u00e9nek nyomon k\u00f6vet\u00e9s\u00e9re.<\/p>\n<p>Google Analytics (Google Ireland Limited)<\/p>\n<p>A Google Analytics a Google Ireland Limited (&#8222;Google&#8221;) \u00e1ltal ny\u00fajtott webelemz\u0151 szolg\u00e1ltat\u00e1s. A Google az \u00f6sszegy\u0171jt\u00f6tt adatokat a Weboldal haszn\u00e1lat\u00e1nak nyomon k\u00f6vet\u00e9s\u00e9re \u00e9s vizsg\u00e1lat\u00e1ra, a tev\u00e9kenys\u00e9g\u00e9r\u0151l sz\u00f3l\u00f3 jelent\u00e9sek elk\u00e9sz\u00edt\u00e9s\u00e9re \u00e9s m\u00e1s Google szolg\u00e1ltat\u00e1sokkal val\u00f3 megoszt\u00e1s\u00e1ra haszn\u00e1lja fel.<br \/>\nA Google az \u00f6sszegy\u0171jt\u00f6tt adatokat saj\u00e1t hirdet\u00e9si h\u00e1l\u00f3zat\u00e1nak hirdet\u00e9sei kontextusba helyez\u00e9s\u00e9hez \u00e9s szem\u00e9lyre szab\u00e1s\u00e1hoz haszn\u00e1lhatja.<\/p>\n<p>Feldolgozott szem\u00e9lyes adatok: S\u00fctik \u00e9s haszn\u00e1lati adatok.<\/p>\n<p>A feldolgoz\u00e1s helye: \u00cdrorsz\u00e1g &#8211; Adatv\u00e9delmi szab\u00e1lyzat &#8211; Opt Out.<\/p>\n<p>T\u00e1rol\u00e1si id\u0151tartam:<\/p>\n<p>AMP_TOKEN: 1 \u00f3ra<br \/>\n_ga: 2 \u00e9v<br \/>\n_gac*: 3 h\u00f3nap<br \/>\n_gat: 1 perc<br \/>\n_gid: 1 nap<br \/>\nA preferenci\u00e1k kezel\u00e9se \u00e9s a hozz\u00e1j\u00e1rul\u00e1s megad\u00e1sa vagy visszavon\u00e1sa<\/p>\n<p>A Trackerrel kapcsolatos preferenci\u00e1k kezel\u00e9s\u00e9nek, valamint adott esetben a hozz\u00e1j\u00e1rul\u00e1s megad\u00e1s\u00e1nak \u00e9s visszavon\u00e1s\u00e1nak t\u00f6bbf\u00e9le m\u00f3dja van:<\/p>\n<p>A felhaszn\u00e1l\u00f3k k\u00f6zvetlen\u00fcl a saj\u00e1t eszk\u00f6z\u00fck be\u00e1ll\u00edt\u00e1sain bel\u00fcl kezelhetik a nyomk\u00f6vet\u0151kkel kapcsolatos preferenci\u00e1kat, p\u00e9ld\u00e1ul a nyomk\u00f6vet\u0151k haszn\u00e1lat\u00e1nak vagy t\u00e1rol\u00e1s\u00e1nak megakad\u00e1lyoz\u00e1s\u00e1val.<\/p>\n<p>Tov\u00e1bb\u00e1, ha a Nyomonk\u00f6vet\u0151k haszn\u00e1lata hozz\u00e1j\u00e1rul\u00e1son alapul, a Felhaszn\u00e1l\u00f3k megadhatj\u00e1k vagy visszavonhatj\u00e1k ezt a hozz\u00e1j\u00e1rul\u00e1st a cookie-\u00e9rtes\u00edt\u00e9sen bel\u00fcli be\u00e1ll\u00edt\u00e1sokkal, vagy az ilyen be\u00e1ll\u00edt\u00e1sok megfelel\u0151 friss\u00edt\u00e9s\u00e9vel a megfelel\u0151 hozz\u00e1j\u00e1rul\u00e1s-be\u00e1ll\u00edt\u00e1sok widgeten kereszt\u00fcl, ha van ilyen.<\/p>\n<p>A b\u00f6ng\u00e9sz\u0151 vagy az eszk\u00f6z megfelel\u0151 funkci\u00f3i r\u00e9v\u00e9n lehet\u0151s\u00e9g van a kor\u00e1bban t\u00e1rolt nyomk\u00f6vet\u0151k t\u00f6rl\u00e9s\u00e9re is, bele\u00e9rtve azokat is, amelyeket a Felhaszn\u00e1l\u00f3 eredeti hozz\u00e1j\u00e1rul\u00e1s\u00e1nak eml\u00e9kezet\u00e9ben haszn\u00e1ltak.<\/p>\n<p>A b\u00f6ng\u00e9sz\u0151 helyi mem\u00f3ri\u00e1j\u00e1ban l\u00e9v\u0151 egy\u00e9b nyomk\u00f6vet\u0151k a b\u00f6ng\u00e9sz\u00e9si el\u0151zm\u00e9nyek t\u00f6rl\u00e9s\u00e9vel t\u00f6r\u00f6lhet\u0151k.<\/p>\n<p>A harmadik f\u00e9lt\u0151l sz\u00e1rmaz\u00f3 nyomk\u00f6vet\u0151kkel kapcsolatban a Felhaszn\u00e1l\u00f3k a vonatkoz\u00f3 opt-out linkeken kereszt\u00fcl (ahol van ilyen), a harmadik f\u00e9l adatv\u00e9delmi szab\u00e1lyzat\u00e1ban megadott m\u00f3don vagy a harmadik f\u00e9llel val\u00f3 kapcsolatfelv\u00e9tel \u00fatj\u00e1n kezelhetik preferenci\u00e1ikat \u00e9s visszavonhatj\u00e1k hozz\u00e1j\u00e1rul\u00e1sukat.<\/p>\n<p>A nyomk\u00f6vet\u0151 be\u00e1ll\u00edt\u00e1sainak megtal\u00e1l\u00e1sa<\/p>\n<p>A felhaszn\u00e1l\u00f3k p\u00e9ld\u00e1ul a k\u00f6vetkez\u0151 c\u00edmeken tal\u00e1lnak inform\u00e1ci\u00f3t arr\u00f3l, hogy a leggyakrabban haszn\u00e1lt b\u00f6ng\u00e9sz\u0151kben hogyan kezelhetik a cookie-kat:<\/p>\n<p>Google Chrome<br \/>\nMozilla Firefox<br \/>\nApple Safari<br \/>\nMicrosoft Internet Explorer<br \/>\nMicrosoft Edge<br \/>\nBrave<br \/>\nOpera<br \/>\nA felhaszn\u00e1l\u00f3k a mobilalkalmaz\u00e1sokban haszn\u00e1lt Nyomonk\u00f6vet\u0151k bizonyos kateg\u00f3ri\u00e1it is kezelhetik a megfelel\u0151 eszk\u00f6zbe\u00e1ll\u00edt\u00e1sokon, p\u00e9ld\u00e1ul a mobileszk\u00f6z\u00f6kre vonatkoz\u00f3 eszk\u00f6zrekl\u00e1m-be\u00e1ll\u00edt\u00e1sokon vagy \u00e1ltal\u00e1ban a nyomonk\u00f6vet\u00e9si be\u00e1ll\u00edt\u00e1sokon kereszt\u00fcl t\u00f6rt\u00e9n\u0151 lemond\u00e1ssal (a felhaszn\u00e1l\u00f3k megnyithatj\u00e1k az eszk\u00f6zbe\u00e1ll\u00edt\u00e1sokat, \u00e9s megkereshetik a megfelel\u0151 be\u00e1ll\u00edt\u00e1st).<\/p>\n<p>A hozz\u00e1j\u00e1rul\u00e1s megtagad\u00e1s\u00e1nak k\u00f6vetkezm\u00e9nyei<\/p>\n<p>A felhaszn\u00e1l\u00f3k szabadon d\u00f6nthetnek arr\u00f3l, hogy megadj\u00e1k-e a hozz\u00e1j\u00e1rul\u00e1st vagy sem. Felh\u00edvjuk azonban figyelm\u00e9t, hogy a nyomk\u00f6vet\u0151k seg\u00edtenek a Weboldalnak abban, hogy jobb felhaszn\u00e1l\u00f3i \u00e9lm\u00e9nyt \u00e9s fejlett funkci\u00f3kat ny\u00fajtson a Felhaszn\u00e1l\u00f3knak (a jelen dokumentumban ismertetett c\u00e9lokkal \u00f6sszhangban). Ez\u00e9rt a Felhaszn\u00e1l\u00f3 hozz\u00e1j\u00e1rul\u00e1s\u00e1nak hi\u00e1ny\u00e1ban a Tulajdonos esetleg nem tudja biztos\u00edtani a kapcsol\u00f3d\u00f3 funkci\u00f3kat.<\/p>\n<p>Tulajdonos \u00e9s adatkezel\u0151<\/p>\n<p>Sz\u00e9cs\u00e9nyi \u00dcgyv\u00e9di Iroda (1024 Budapest, Buday L. 12.)<\/p>\n<p>Tulajdonos el\u00e9rhet\u0151s\u00e9ge: office@szecsenyi.com<\/p>\n<p>Mivel a harmadik f\u00e9lt\u0151l sz\u00e1rmaz\u00f3 nyomk\u00f6vet\u0151k jelen Weboldalon kereszt\u00fcl t\u00f6rt\u00e9n\u0151 haszn\u00e1lat\u00e1t a Tulajdonos nem tudja teljes m\u00e9rt\u00e9kben ellen\u0151rizni, a harmadik f\u00e9lt\u0151l sz\u00e1rmaz\u00f3 nyomk\u00f6vet\u0151kre t\u00f6rt\u00e9n\u0151 konkr\u00e9t hivatkoz\u00e1sok t\u00e1j\u00e9koztat\u00f3 jelleg\u0171nek tekintend\u0151k. A teljes k\u00f6r\u0171 t\u00e1j\u00e9koztat\u00e1s \u00e9rdek\u00e9ben a Felhaszn\u00e1l\u00f3kat k\u00e9rj\u00fck, hogy a jelen dokumentumban felsorolt, harmadik f\u00e9lt\u0151l sz\u00e1rmaz\u00f3 szolg\u00e1ltat\u00e1sok adatv\u00e9delmi ir\u00e1nyelveiben t\u00e1j\u00e9koz\u00f3djanak.<\/p>\n<p>Tekintettel a nyomk\u00f6vet\u0151 technol\u00f3gi\u00e1k objekt\u00edv \u00f6sszetetts\u00e9g\u00e9re, a Felhaszn\u00e1l\u00f3knak aj\u00e1nlott felvenni\u00fck a kapcsolatot a Tulajdonossal, ha tov\u00e1bbi inform\u00e1ci\u00f3kat szeretn\u00e9nek kapni az ilyen technol\u00f3gi\u00e1k jelen Weboldal \u00e1ltali haszn\u00e1lat\u00e1val kapcsolatban.<\/p>\n<p>Fogalommeghat\u00e1roz\u00e1sok \u00e9s jogi hivatkoz\u00e1sok<\/p>\n<p>Szem\u00e9lyes adatok (vagy adatok)<\/p>\n<p>Minden olyan inform\u00e1ci\u00f3, amely k\u00f6zvetlen\u00fcl, k\u00f6zvetve vagy m\u00e1s inform\u00e1ci\u00f3kkal \u00f6sszef\u00fcgg\u00e9sben &#8211; bele\u00e9rtve a szem\u00e9lyi azonos\u00edt\u00f3 sz\u00e1mot is &#8211; lehet\u0151v\u00e9 teszi egy term\u00e9szetes szem\u00e9ly azonos\u00edt\u00e1s\u00e1t vagy azonos\u00edthat\u00f3s\u00e1g\u00e1t.<\/p>\n<p>Felhaszn\u00e1l\u00e1si adatok<\/p>\n<p>A Weboldalon (vagy a Weboldalon alkalmazott harmadik f\u00e9l \u00e1ltal ny\u00fajtott szolg\u00e1ltat\u00e1sok r\u00e9v\u00e9n automatikusan gy\u0171jt\u00f6tt inform\u00e1ci\u00f3k, amelyek magukban foglalhatj\u00e1k: a Weboldalt haszn\u00e1l\u00f3 Felhaszn\u00e1l\u00f3k \u00e1ltal haszn\u00e1lt sz\u00e1m\u00edt\u00f3g\u00e9pek IP-c\u00edm\u00e9t vagy domainnev\u00e9t, az URI-c\u00edmeket (Uniform Resource Identifier), a k\u00e9r\u00e9s id\u0151pontj\u00e1t, a k\u00e9r\u00e9s szerverhez t\u00f6rt\u00e9n\u0151 beny\u00fajt\u00e1s\u00e1nak m\u00f3dj\u00e1t, a v\u00e1laszk\u00e9nt kapott f\u00e1jl m\u00e9ret\u00e9t, a szerver v\u00e1lasz\u00e1nak \u00e1llapot\u00e1t jelz\u0151 sz\u00e1mk\u00f3dot (sikeres eredm\u00e9ny, hiba stb.). ), a sz\u00e1rmaz\u00e1si orsz\u00e1g, a b\u00f6ng\u00e9sz\u0151 \u00e9s a felhaszn\u00e1l\u00f3 \u00e1ltal haszn\u00e1lt oper\u00e1ci\u00f3s rendszer jellemz\u0151i, a l\u00e1togat\u00e1sonk\u00e9nti k\u00fcl\u00f6nb\u00f6z\u0151 id\u0151adatok (pl, az alkalmaz\u00e1son bel\u00fcl az egyes oldalakon elt\u00f6lt\u00f6tt id\u0151) \u00e9s az alkalmaz\u00e1son bel\u00fcl k\u00f6vetett \u00fatvonal r\u00e9szletei, k\u00fcl\u00f6n\u00f6s tekintettel a megl\u00e1togatott oldalak sorrendj\u00e9re, valamint az eszk\u00f6z oper\u00e1ci\u00f3s rendszer\u00e9re \u00e9s\/vagy a felhaszn\u00e1l\u00f3 informatikai k\u00f6rnyezet\u00e9re vonatkoz\u00f3 egy\u00e9b param\u00e9terek.<\/p>\n<p>Felhaszn\u00e1l\u00f3<\/p>\n<p>A Weboldalt haszn\u00e1l\u00f3 szem\u00e9ly, aki &#8211; elt\u00e9r\u0151 rendelkez\u00e9s hi\u00e1ny\u00e1ban &#8211; egybeesik az \u00c9rintettel.<\/p>\n<p>\u00c9rintett<\/p>\n<p>Az a term\u00e9szetes szem\u00e9ly, akire a szem\u00e9lyes adatok vonatkoznak.<\/p>\n<p>Adatfeldolgoz\u00f3 (vagy adatfel\u00fcgyel\u0151)<\/p>\n<p>Az a term\u00e9szetes vagy jogi szem\u00e9ly, hat\u00f3s\u00e1g, \u00fcgyn\u00f6ks\u00e9g vagy egy\u00e9b szerv, amely az Adatkezel\u0151 nev\u00e9ben a jelen adatv\u00e9delmi szab\u00e1lyzatban le\u00edrtak szerint kezeli a Szem\u00e9lyes adatokat.<\/p>\n<p>Adatkezel\u0151 (vagy tulajdonos)<\/p>\n<p>Az a term\u00e9szetes vagy jogi szem\u00e9ly, hat\u00f3s\u00e1g, \u00fcgyn\u00f6ks\u00e9g vagy egy\u00e9b szerv, amely egyed\u00fcl vagy m\u00e1sokkal egy\u00fctt meghat\u00e1rozza a szem\u00e9lyes adatok kezel\u00e9s\u00e9nek c\u00e9ljait \u00e9s eszk\u00f6zeit, bele\u00e9rtve a jelen Weboldal m\u0171k\u00f6d\u00e9s\u00e9vel \u00e9s haszn\u00e1lat\u00e1val kapcsolatos biztons\u00e1gi int\u00e9zked\u00e9seket. Elt\u00e9r\u0151 rendelkez\u00e9s hi\u00e1ny\u00e1ban az Adatkezel\u0151 a jelen Weboldal Tulajdonosa.<\/p>\n<p>Ez a Weboldal (vagy ez az Alkalmaz\u00e1s)<\/p>\n<p>A Felhaszn\u00e1l\u00f3 szem\u00e9lyes adatainak gy\u0171jt\u00e9s\u00e9nek \u00e9s feldolgoz\u00e1s\u00e1nak eszk\u00f6zei.<\/p>\n<p>Szolg\u00e1ltat\u00e1s<\/p>\n<p>A jelen Weboldal \u00e1ltal ny\u00fajtott szolg\u00e1ltat\u00e1s, a vonatkoz\u00f3 felt\u00e9telekben (ha van ilyen) \u00e9s a jelen weboldalon\/alkalmaz\u00e1sban le\u00edrtak szerint.<\/p>\n<p>Eur\u00f3pai Uni\u00f3 (vagy EU)<\/p>\n<p>Elt\u00e9r\u0151 rendelkez\u00e9s hi\u00e1ny\u00e1ban a jelen dokumentumban az Eur\u00f3pai Uni\u00f3ra tett minden hivatkoz\u00e1s az Eur\u00f3pai Uni\u00f3 \u00e9s az Eur\u00f3pai Gazdas\u00e1gi T\u00e9rs\u00e9g valamennyi jelenlegi tag\u00e1llam\u00e1ra vonatkozik.<\/p>\n<p>Cookie-k<\/p>\n<p>A cookie-k a Felhaszn\u00e1l\u00f3 b\u00f6ng\u00e9sz\u0151j\u00e9ben t\u00e1rolt kis adatk\u00e9szletekb\u0151l \u00e1ll\u00f3 nyomk\u00f6vet\u0151k.<\/p>\n<p>Tracker<\/p>\n<p>A nyomk\u00f6vet\u0151 minden olyan technol\u00f3gi\u00e1t &#8211; pl. s\u00fctiket, egyedi azonos\u00edt\u00f3kat, webjelz\u0151ket, be\u00e1gyazott szkripteket, elektronikus c\u00edmk\u00e9ket \u00e9s ujjlenyomatokat &#8211; jel\u00f6l, amely lehet\u0151v\u00e9 teszi a Felhaszn\u00e1l\u00f3k nyomon k\u00f6vet\u00e9s\u00e9t, p\u00e9ld\u00e1ul a Felhaszn\u00e1l\u00f3 eszk\u00f6z\u00e9n l\u00e9v\u0151 inform\u00e1ci\u00f3khoz val\u00f3 hozz\u00e1f\u00e9r\u00e9s vagy azok t\u00e1rol\u00e1sa r\u00e9v\u00e9n.<\/p>\n<p>Jogi inform\u00e1ci\u00f3k<\/p>\n<p>Ez az adatv\u00e9delmi nyilatkozat t\u00f6bb jogszab\u00e1ly rendelkez\u00e9sei alapj\u00e1n k\u00e9sz\u00fclt, t\u00f6bbek k\u00f6z\u00f6tt az Art. (EU) 2016\/679 rendelet (\u00e1ltal\u00e1nos adatv\u00e9delmi rendelet) 13\/14. cikkei.<\/p>\n<p>Ez az adatv\u00e9delmi nyilatkozat kiz\u00e1r\u00f3lag erre a Weboldalra vonatkozik, ha a dokumentumban m\u00e1sk\u00e9nt nem szerepel.<\/p>\n<p>Legut\u00f3bbi friss\u00edt\u00e9s: Okt\u00f3ber 10, 2022<\/p>\n","protected":false},"excerpt":{"rendered":"<p>Cookie szab\u00e1lyzat A www.szecsenyi.com s\u00fctikre vonatkoz\u00f3 szab\u00e1lyzata Ez a dokumentum t\u00e1j\u00e9koztatja a Felhaszn\u00e1l\u00f3kat azokr\u00f3l a technol\u00f3gi\u00e1kr\u00f3l, amelyek seg\u00edtik a Webhelyet az al\u00e1bb le\u00edrt c\u00e9lok el\u00e9r\u00e9s\u00e9ben. Ezek a technol\u00f3gi\u00e1k lehet\u0151v\u00e9 teszik a Tulajdonos sz\u00e1m\u00e1ra, hogy hozz\u00e1f\u00e9rjen \u00e9s t\u00e1roljon inform\u00e1ci\u00f3kat (p\u00e9ld\u00e1ul egy cookie seg\u00edts\u00e9g\u00e9vel) vagy er\u0151forr\u00e1sokat haszn\u00e1ljon (p\u00e9ld\u00e1ul egy szkript futtat\u00e1s\u00e1val) a Felhaszn\u00e1l\u00f3 eszk\u00f6z\u00e9n, mik\u00f6zben a Felhaszn\u00e1l\u00f3&#8230; <\/p>\n<p><a class=\"btn btn-sm grey_bg\" href=\"https:\/\/szecsenyi.com\/hu\/cookie-szabalyzat\/\">Tov\u00e1bb <span class=\"fa fa-arrow-right\"><\/span><\/a><\/p>\n","protected":false},"author":3,"featured_media":0,"parent":0,"menu_order":0,"comment_status":"closed","ping_status":"closed","template":"","meta":{"_acf_changed":false,"footnotes":"","_links_to":"","_links_to_target":""},"class_list":["post-1517","page","type-page","status-publish","hentry"],"acf":[],"_links":{"self":[{"href":"https:\/\/szecsenyi.com\/hu\/wp-json\/wp\/v2\/pages\/1517","targetHints":{"allow":["GET"]}}],"collection":[{"href":"https:\/\/szecsenyi.com\/hu\/wp-json\/wp\/v2\/pages"}],"about":[{"href":"https:\/\/szecsenyi.com\/hu\/wp-json\/wp\/v2\/types\/page"}],"author":[{"embeddable":true,"href":"https:\/\/szecsenyi.com\/hu\/wp-json\/wp\/v2\/users\/3"}],"replies":[{"embeddable":true,"href":"https:\/\/szecsenyi.com\/hu\/wp-json\/wp\/v2\/comments?post=1517"}],"version-history":[{"count":2,"href":"https:\/\/szecsenyi.com\/hu\/wp-json\/wp\/v2\/pages\/1517\/revisions"}],"predecessor-version":[{"id":1530,"href":"https:\/\/szecsenyi.com\/hu\/wp-json\/wp\/v2\/pages\/1517\/revisions\/1530"}],"wp:attachment":[{"href":"https:\/\/szecsenyi.com\/hu\/wp-json\/wp\/v2\/media?parent=1517"}],"curies":[{"name":"wp","href":"https:\/\/api.w.org\/{rel}","templated":true}]}}