{"id":121,"date":"2019-06-06T18:39:59","date_gmt":"2019-06-06T16:39:59","guid":{"rendered":"https:\/\/szecsenyi.com\/?page_id=121"},"modified":"2024-04-15T13:43:37","modified_gmt":"2024-04-15T11:43:37","slug":"kezdolap","status":"publish","type":"page","link":"https:\/\/szecsenyi.com\/hu\/","title":{"rendered":"Kezd\u0151lap"},"content":{"rendered":"<h2><strong>\u00dcgyv\u00e9dek vagyunk.<\/strong><\/h2>\n<p>Az\u00e9rt v\u00e1lasztottuk ezt a hivat\u00e1st, mert \u00f6r\u00f6m\u00fcnket lelj\u00fck a sz\u00e9lesk\u00f6r\u0171 ismereteken \u00e9s logikus gondolkod\u00e1son t\u00fal kreativit\u00e1st \u00e9s elhivatotts\u00e1got is ig\u00e9nyl\u0151 jogi munk\u00e1ban. Az \u00fcgyv\u00e9di p\u00e1lya ny\u00fajtotta szabads\u00e1g, f\u00fcggetlens\u00e9g \u00e9s az ezzel egy\u00fctt j\u00e1r\u00f3 felel\u0151ss\u00e9g mindannyiunk sz\u00e1m\u00e1ra az \u00f6nmegval\u00f3s\u00edt\u00e1s \u00e9s az \u00e9rt\u00e9kteremt\u00e9s nagyszer\u0171 terepe.<\/p>\n<p>Nemzetk\u00f6zi \u00fcgyv\u00e9di irod\u00e1kban megszerzett t\u00f6bb\u00e9ves tapasztalattal a h\u00e1tunk m\u00f6g\u00f6tt fiatal, de m\u00e9gis gyakorlott \u00fcgyv\u00e9dekb\u0151l \u00e1ll\u00f3 csapatunk 2009 v\u00e9g\u00e9n az \u00f6n\u00e1ll\u00f3sul\u00e1s mellett d\u00f6nt\u00f6tt. Nemcsak koll\u00e9g\u00e1k vagyunk, de bar\u00e1tok is. Olyan \u00fcgyv\u00e9dek, akik a nemzetk\u00f6zi irod\u00e1kn\u00e1l megszokott munkakult\u00far\u00e1b\u00f3l \u00e1tmentett\u00e9k mindazt, ami munk\u00e1juk \u00e9s \u00fcgyfeleik haszn\u00e1ra v\u00e1lik, elvetik azonban azt a szeml\u00e9letet, mely a mennyis\u00e9get \u00e9s a standard megold\u00e1sokat helyezi a min\u0151s\u00e9g \u00e9s a szem\u00e9lyre szabott szolg\u00e1ltat\u00e1sok el\u00e9.<\/p>\n<p>\u00dagy \u00edt\u00e9lj\u00fck meg, hogy a v\u00e1ltoz\u00f3 gazdas\u00e1gi k\u00f6r\u00fclm\u00e9nyek k\u00f6z\u00f6tt \u00fcgyfeleinknek olyan jogi szolg\u00e1ltat\u00f3 partnerre van sz\u00fcks\u00e9ge, mely gazdas\u00e1gosan, de m\u00e9gis hat\u00e9konyan m\u0171k\u00f6d\u0151 rendszereivel magas min\u0151s\u00e9g\u0171 \u00e9s kifizet\u0151d\u0151 szolg\u00e1ltat\u00e1st ny\u00fajt, el\u00e9rhet\u0151 \u00e1ron. K\u00e9pesek vagyunk megb\u00edz\u00f3inkkal egy\u00fctt gondolkodni b\u00e1rmilyen probl\u00e9ma megold\u00e1sa \u00e9rdek\u00e9ben \u00e9s sz\u00edvesen osztozunk \u00fcgyfeleink sikereiben is.<\/p>\n<h3>Isten hozta n\u00e1lunk!<\/h3>\n","protected":false},"excerpt":{"rendered":"<p>\u00dcgyv\u00e9dek vagyunk. Az\u00e9rt v\u00e1lasztottuk ezt a hivat\u00e1st, mert \u00f6r\u00f6m\u00fcnket lelj\u00fck a sz\u00e9lesk\u00f6r\u0171 ismereteken \u00e9s logikus gondolkod\u00e1son t\u00fal kreativit\u00e1st \u00e9s elhivatotts\u00e1got is ig\u00e9nyl\u0151 jogi munk\u00e1ban. Az \u00fcgyv\u00e9di p\u00e1lya ny\u00fajtotta szabads\u00e1g, f\u00fcggetlens\u00e9g \u00e9s az ezzel egy\u00fctt j\u00e1r\u00f3 felel\u0151ss\u00e9g mindannyiunk sz\u00e1m\u00e1ra az \u00f6nmegval\u00f3s\u00edt\u00e1s \u00e9s az \u00e9rt\u00e9kteremt\u00e9s nagyszer\u0171 terepe. Nemzetk\u00f6zi \u00fcgyv\u00e9di irod\u00e1kban megszerzett t\u00f6bb\u00e9ves tapasztalattal a h\u00e1tunk m\u00f6g\u00f6tt fiatal,&#8230; <\/p>\n<p><a class=\"btn btn-sm grey_bg\" href=\"https:\/\/szecsenyi.com\/hu\/\">Tov\u00e1bb <span class=\"fa fa-arrow-right\"><\/span><\/a><\/p>\n","protected":false},"author":2,"featured_media":0,"parent":0,"menu_order":0,"comment_status":"closed","ping_status":"open","template":"page-templates\/homepage.php","meta":{"_acf_changed":false,"footnotes":"","_links_to":"","_links_to_target":""},"class_list":["post-121","page","type-page","status-publish","hentry"],"acf":[],"_links":{"self":[{"href":"https:\/\/szecsenyi.com\/hu\/wp-json\/wp\/v2\/pages\/121","targetHints":{"allow":["GET"]}}],"collection":[{"href":"https:\/\/szecsenyi.com\/hu\/wp-json\/wp\/v2\/pages"}],"about":[{"href":"https:\/\/szecsenyi.com\/hu\/wp-json\/wp\/v2\/types\/page"}],"author":[{"embeddable":true,"href":"https:\/\/szecsenyi.com\/hu\/wp-json\/wp\/v2\/users\/2"}],"replies":[{"embeddable":true,"href":"https:\/\/szecsenyi.com\/hu\/wp-json\/wp\/v2\/comments?post=121"}],"version-history":[{"count":26,"href":"https:\/\/szecsenyi.com\/hu\/wp-json\/wp\/v2\/pages\/121\/revisions"}],"predecessor-version":[{"id":1581,"href":"https:\/\/szecsenyi.com\/hu\/wp-json\/wp\/v2\/pages\/121\/revisions\/1581"}],"wp:attachment":[{"href":"https:\/\/szecsenyi.com\/hu\/wp-json\/wp\/v2\/media?parent=121"}],"curies":[{"name":"wp","href":"https:\/\/api.w.org\/{rel}","templated":true}]}}