{"id":120,"date":"2019-06-06T18:39:08","date_gmt":"2019-06-06T16:39:08","guid":{"rendered":"https:\/\/szecsenyi.com\/?page_id=120"},"modified":"2019-06-18T20:40:57","modified_gmt":"2019-06-18T18:40:57","slug":"jogi-nyilatkozat","status":"publish","type":"page","link":"https:\/\/szecsenyi.com\/hu\/jogi-nyilatkozat\/","title":{"rendered":"Jogi nyilatkozat"},"content":{"rendered":"<p>A <em>disclaimer<\/em> sz\u00f3 jelent\u00e9se \u2013 amint az k\u00f6ztudott \u2013 jogi nyilatkozat, ami a nyilatkozattev\u0151 felel\u0151ss\u00e9g\u00e9nek korl\u00e1toz\u00e1s\u00e1ra ir\u00e1nyul. Val\u00f3sz\u00edn\u0171leg csak egy \u00fcgyv\u00e9dnek jut esz\u00e9be, hogy weblapj\u00e1n hozz\u00e1f\u00e9rhet\u0151v\u00e9 tegyen sok-sok \u00e9rdekes \u00e9s fontos inform\u00e1ci\u00f3t, majd azt mondja, hogy az olvas\u00f3 ne b\u00edzzon ezekben az inform\u00e1ci\u00f3kban. E c\u00e9lb\u00f3l a weboldalakra olyan nehezen olvashat\u00f3, apr\u00f3 bet\u0171s sz\u00f6veget szok\u00e1s feltenni, melyre hivatkoz\u00e1ssal a weboldalt \u00fczemeltet\u0151 \u00fcgyv\u00e9di iroda mentes\u00fclhet mindennem\u0171 felel\u0151ss\u00e9g al\u00f3l.<\/p>\n<p>Erre nek\u00fcnk igaz\u00e1b\u00f3l nincs sz\u00fcks\u00e9g\u00fcnk, n\u00e9h\u00e1ny dologra azonban felh\u00edvjuk a figyelmet.<\/p>\n<ol>\n<li>Ha az oldalunkon jogi inform\u00e1ci\u00f3t tal\u00e1l, haszn\u00e1lja eg\u00e9szs\u00e9ggel. Azzal nyilv\u00e1n \u00d6n is tiszt\u00e1ban van, hogy oldalaink tanulm\u00e1nyoz\u00e1sa \u00f6nmag\u00e1ban nem hoz l\u00e9tre k\u00f6z\u00f6tt\u00fcnk \u00fcgyv\u00e9di megb\u00edz\u00e1si szerz\u0151d\u00e9st, m\u00e9g ha szeretn\u00e9nk is, hogy minden olvas\u00f3nk egyszer az \u00fcgyfel\u00fcnk legyen. Ha valaki m\u00e9gis van olyan elvetem\u00fclt \u00e9s azt gondolja, hogy a(z egy\u00e9bk\u00e9nt Alaszk\u00e1ban is hozz\u00e1f\u00e9rhet\u0151) weblapunk tanulm\u00e1nyoz\u00e1sa miatt k\u00f6z\u00f6tt\u00fcnk \u00e9rv\u00e9nyes megb\u00edz\u00e1si szerz\u0151d\u00e9s j\u00f6n l\u00e9tre, \u00fagy annak mi nem szeretn\u00e9nk az \u00fcgyv\u00e9dei lenni \u00e9s k\u00f6sz\u00f6nettel elz\u00e1rk\u00f3zunk a szerz\u0151d\u00e9sk\u00f6t\u00e9s el\u0151l.<\/li>\n<li>2. Oldalainkon tal\u00e1l m\u00e1sok gondoz\u00e1s\u00e1ban \u00e1ll\u00f3 weboldalakhoz, internetes tartalmakhoz t\u00f6rt\u00e9n\u0151 kapcsol\u00f3d\u00e1sokat (\u00fan. \u201clinkeket\u201d). Az ilyen tartalmak\u00e9rt, nan\u00e1, hogy nem vagyunk felel\u0151sek, azokat folyamatosan nem ellen\u0151rizz\u00fck. Na nem az\u00e9rt mert linkek vagyunk, hanem mert igyeksz\u00fcnk olyan linkeket haszn\u00e1lni, melyek eset\u00e9ben ilyen probl\u00e9m\u00e1k fel sem mer\u00fclnek.<\/li>\n<li>Az oldalainkon tal\u00e1lhat\u00f3 inform\u00e1ci\u00f3k, cikkek, tanulm\u00e1nyok a t\u00f6rv\u00e9ny erej\u00e9n\u00e9l fogva akkor is szerz\u0151i jogv\u00e9delem alatt \u00e1llnak, ha ezt k\u00fcl\u00f6n nem \u00edrjuk le t\u00edzszer. B\u00edzunk benne, hogy l\u00e1togat\u00f3ink t\u00f6rv\u00e9nytisztel\u0151 feln\u0151tt polg\u00e1rok, akik ismerik k\u00f6telezetts\u00e9geiket.<\/li>\n<li>Ne k\u00fcldj\u00f6n nek\u00fcnk k\u00e9retlen \u00e9s haszontalan elektronikus leveleket (\u201cspam\u201c-et). Bizalmas inform\u00e1ci\u00f3kat pedig csak azut\u00e1n osszon meg vel\u00fcnk, ha visszaigazoltuk az \u00fcgyf\u00e9l- \u00fcgyv\u00e9d jogviszony l\u00e9trej\u00f6tt\u00e9t, amit egy\u00e9bk\u00e9nt \u00edr\u00e1sban tesz\u00fcnk. Ha \u00d6n lev\u00e9lszemetet gy\u00e1rt (legyen az aj\u00e1nlat borv\u00e1s\u00e1rl\u00e1sra, fogad\u00e1sra vagy pirul\u00e1ra), \u00fagy az els\u0151 mondatot k\u00fcl\u00f6n\u00f6sen vegye mag\u00e1ra. Nem riadunk vissza jogi l\u00e9p\u00e9sekt\u0151l, nek\u00fcnk az nem ker\u00fcl annyiba, mint peres ellenfeleinknek.<\/li>\n<li>A f\u00f6ld forog, a term\u00e9szet v\u00e1ltozik. Sokszor l\u00e9nyegesen gyorsabban, mint ahogy azt \u00e9rezz\u00fck. El\u00e9g megn\u00e9zni gyerekeink p\u00e1r \u00e9vvel ezel\u0151tt k\u00e9sz\u00fclt f\u00e9nyk\u00e9peit, maga a d\u00f6bbenet. Ez\u00e9rt el\u0151fordulhat, hogy az oldalunkon olyan inform\u00e1ci\u00f3t tal\u00e1l, ami id\u0151k\u00f6zben elavult, vagy aktualit\u00e1s\u00e1t vesztette. Ha igaz\u00e1n k\u00edv\u00e1ncsi a v\u00e9lem\u00e9ny\u00fcnkre, \u00fagy is megb\u00edz\u00e1st ad nek\u00fcnk, melynek sor\u00e1n \u00edg\u00e9rj\u00fck, mindig naprak\u00e9sz inform\u00e1ci\u00f3kkal l\u00e1tjuk el. N\u00e9ha m\u00e9g a j\u00f6v\u0151be is l\u00e1tunk.<\/li>\n<\/ol>\n<p>Ennyi. Rem\u00e9lj\u00fck \u00e9let\u00e9ben el\u0151sz\u00f6r v\u00e9gigolvasott egy jogi nyilatkozatot. Legyen sz\u00e9p napja!<\/p>\n","protected":false},"excerpt":{"rendered":"<p>A disclaimer sz\u00f3 jelent\u00e9se \u2013 amint az k\u00f6ztudott \u2013 jogi nyilatkozat, ami a nyilatkozattev\u0151 felel\u0151ss\u00e9g\u00e9nek korl\u00e1toz\u00e1s\u00e1ra ir\u00e1nyul. Val\u00f3sz\u00edn\u0171leg csak egy \u00fcgyv\u00e9dnek jut esz\u00e9be, hogy weblapj\u00e1n hozz\u00e1f\u00e9rhet\u0151v\u00e9 tegyen sok-sok \u00e9rdekes \u00e9s fontos inform\u00e1ci\u00f3t, majd azt mondja, hogy az olvas\u00f3 ne b\u00edzzon ezekben az inform\u00e1ci\u00f3kban. E c\u00e9lb\u00f3l a weboldalakra olyan nehezen olvashat\u00f3, apr\u00f3 bet\u0171s sz\u00f6veget szok\u00e1s feltenni,&#8230; <\/p>\n<p><a class=\"btn btn-sm grey_bg\" href=\"https:\/\/szecsenyi.com\/hu\/jogi-nyilatkozat\/\">Tov\u00e1bb <span class=\"fa fa-arrow-right\"><\/span><\/a><\/p>\n","protected":false},"author":2,"featured_media":0,"parent":0,"menu_order":0,"comment_status":"closed","ping_status":"closed","template":"","meta":{"_acf_changed":false,"footnotes":"","_links_to":"","_links_to_target":""},"class_list":["post-120","page","type-page","status-publish","hentry"],"acf":[],"_links":{"self":[{"href":"https:\/\/szecsenyi.com\/hu\/wp-json\/wp\/v2\/pages\/120","targetHints":{"allow":["GET"]}}],"collection":[{"href":"https:\/\/szecsenyi.com\/hu\/wp-json\/wp\/v2\/pages"}],"about":[{"href":"https:\/\/szecsenyi.com\/hu\/wp-json\/wp\/v2\/types\/page"}],"author":[{"embeddable":true,"href":"https:\/\/szecsenyi.com\/hu\/wp-json\/wp\/v2\/users\/2"}],"replies":[{"embeddable":true,"href":"https:\/\/szecsenyi.com\/hu\/wp-json\/wp\/v2\/comments?post=120"}],"version-history":[{"count":3,"href":"https:\/\/szecsenyi.com\/hu\/wp-json\/wp\/v2\/pages\/120\/revisions"}],"predecessor-version":[{"id":507,"href":"https:\/\/szecsenyi.com\/hu\/wp-json\/wp\/v2\/pages\/120\/revisions\/507"}],"wp:attachment":[{"href":"https:\/\/szecsenyi.com\/hu\/wp-json\/wp\/v2\/media?parent=120"}],"curies":[{"name":"wp","href":"https:\/\/api.w.org\/{rel}","templated":true}]}}